{"id":1851,"date":"2013-06-02T12:52:33","date_gmt":"2013-06-02T12:52:33","guid":{"rendered":"http:\/\/lawyers-attorneys.vamtam.com\/?page_id=1851"},"modified":"2023-01-18T22:40:40","modified_gmt":"2023-01-18T22:40:40","slug":"schwerpunkte","status":"publish","type":"page","link":"https:\/\/sicher-vererben.de\/index.php\/schwerpunkte\/","title":{"rendered":"Schwerpunkte"},"content":{"rendered":"<div class=\"row \"><div class=\"wpv-grid grid-1-1  wpv-first-level first unextended\" style=\"padding-top:0px;padding-bottom:0px\" id=\"wpv-column-8dd20c8d045d12f7109660a418cde6ef\" >\n<section class=\"portfolios normal clearfix title-below has-description \" id=\"69e5969f3e815\">\n\t\t<div class=\"portfolio-items vamtam-cubeportfolio cbp portfolio-items \" data-columns=\"3\" data-options=\"{&quot;layoutMode&quot;:&quot;grid&quot;,&quot;defaultFilter&quot;:&quot;*&quot;,&quot;animationType&quot;:&quot;slideDelay&quot;,&quot;gapHorizontal&quot;:30,&quot;gapVertical&quot;:30,&quot;gridAdjustment&quot;:&quot;responsive&quot;,&quot;mediaQueries&quot;:[{&quot;width&quot;:847.5,&quot;cols&quot;:3},{&quot;width&quot;:555,&quot;cols&quot;:2},{&quot;width&quot;:262.5,&quot;cols&quot;:1}],&quot;displayType&quot;:&quot;bottomToTop&quot;,&quot;displayTypeSpeed&quot;:100,&quot;showPagination&quot;:false}\" data-hidden-by-filters=\"New items were loaded, but they are hidden because of your choice of filters\">\n\t\t<div data-id=\"60\" data-type=\"schwerpunkte\" class=\"has-title has-description grid-1-3 has-button state-closed vamtam-project cbp-item\" style=\"width: 33%\">\n\t<div class=\"portfolio-item-wrapper\">\n\t\t\t\t<div class=\"portfolio-image\">\n\t\t\t<div class=\"thumbnail\" style=\"max-height:400px\">\n\t\t\t\t\t\t\t<\/div><!-- \/ .thumbnail -->\n\t\t<\/div>\n\n\t\t\t\t\t<div class=\"portfolio_details\">\n\t\t\t\t\t\t\t\t\t<h3 class=\"title\">\n\t\t\t\t\t\t<a href=\"https:\/\/sicher-vererben.de\/index.php\/portfolio\/sicher-vererben\/\" class=\"entry-title\">Sicher Vererben<\/a>\n\t\t\t\t\t<\/h3>\n\t\t\t\t\t\t\t\t\t\t\t\t\t<div class=\"excerpt\"><p>Erbschaft, Testament und Erbvertrag Rund 500.000 Erbschaften gibt es jedes Jahr in Deutschland. Zusammen mit den Schenkungen werden derzeit j\u00e4hrlich rund 400 Milliarden Euro von einer Generation auf die n\u00e4chste \u00fcbertragen. Das hat hohe wirtschaftliche Bedeutung. Doch nicht einmal jeder Dritte hat eine Verf\u00fcgung \u00fcber seinen letzten Willen getroffen. Das gesetzliche Erbrecht des BGB wird&#8230;<\/p>\n<\/div>\n\t\t\t\t\t\t\t<\/div>\n\t\t\t<\/div>\n<\/div><div data-id=\"41\" data-type=\"schwerpunkte\" class=\"has-title has-description grid-1-3 has-button state-closed vamtam-project cbp-item\" style=\"width: 33%\">\n\t<div class=\"portfolio-item-wrapper\">\n\t\t\t\t<div class=\"portfolio-image\">\n\t\t\t<div class=\"thumbnail\" style=\"max-height:400px\">\n\t\t\t\t\t\t\t<\/div><!-- \/ .thumbnail -->\n\t\t<\/div>\n\n\t\t\t\t\t<div class=\"portfolio_details\">\n\t\t\t\t\t\t\t\t\t<h3 class=\"title\">\n\t\t\t\t\t\t<a href=\"https:\/\/sicher-vererben.de\/index.php\/portfolio\/sicher-schenken\/\" class=\"entry-title\">Sicher Schenken<\/a>\n\t\t\t\t\t<\/h3>\n\t\t\t\t\t\t\t\t\t\t\t\t\t<div class=\"excerpt\"><p>Motive einer Schenkung Anl\u00e4sse f\u00fcr eine Schenkung gibt es viele. Den Beschenkten eine gro\u00dfe Freude zu machen, Pflichtteilsanspr\u00fcche zu reduzieren, die Unternehmensnachfolge zu regeln oder Erbschaftssteuern zu sparen, \u2013 das k\u00f6nnen gute Motive sein. Denn bei gro\u00dfen Erbschaften ist der Fiskus immer mit von der Partie. Je gr\u00f6\u00dfer der Nachlass, desto h\u00f6her k\u00f6nnen die Erbschaftssteuern&#8230;<\/p>\n<\/div>\n\t\t\t\t\t\t\t<\/div>\n\t\t\t<\/div>\n<\/div><div data-id=\"62\" data-type=\"schwerpunkte\" class=\"has-title has-description grid-1-3 has-button state-closed vamtam-project cbp-item\" style=\"width: 33%\">\n\t<div class=\"portfolio-item-wrapper\">\n\t\t\t\t<div class=\"portfolio-image\">\n\t\t\t<div class=\"thumbnail\" style=\"max-height:400px\">\n\t\t\t\t\t\t\t<\/div><!-- \/ .thumbnail -->\n\t\t<\/div>\n\n\t\t\t\t\t<div class=\"portfolio_details\">\n\t\t\t\t\t\t\t\t\t<h3 class=\"title\">\n\t\t\t\t\t\t<a href=\"https:\/\/sicher-vererben.de\/index.php\/portfolio\/sicher-stiften\/\" class=\"entry-title\">Sicher Stiften<\/a>\n\t\t\t\t\t<\/h3>\n\t\t\t\t\t\t\t\t\t\t\t\t\t<div class=\"excerpt\"><p>Motive eine Stiftung zu gr\u00fcnden Sie wollen den geordneten \u00dcbergang Ihres Verm\u00f6gens regeln Ihnen fehlen geeignete Erben \u2013 oder ein Nachfolger im Unternehmen Ihre Ideen, Ihre Visionen sollen auch dann weiterleben, wenn Sie nicht mehr sind Ihr Verm\u00f6gen ist pl\u00f6tzlich gewachsen Sie hat ein besonderes Ereignis dazu gebracht, k\u00fcnftig bestimmte Aktivit\u00e4ten zu f\u00f6rdern. Ist das&#8230;<\/p>\n<\/div>\n\t\t\t\t\t\t\t<\/div>\n\t\t\t<\/div>\n<\/div><div data-id=\"52\" data-type=\"schwerpunkte\" class=\"has-title has-description grid-1-3 has-button state-closed vamtam-project cbp-item\" style=\"width: 33%\">\n\t<div class=\"portfolio-item-wrapper\">\n\t\t\t\t<div class=\"portfolio-image\">\n\t\t\t<div class=\"thumbnail\" style=\"max-height:400px\">\n\t\t\t\t\t\t\t<\/div><!-- \/ .thumbnail -->\n\t\t<\/div>\n\n\t\t\t\t\t<div class=\"portfolio_details\">\n\t\t\t\t\t\t\t\t\t<h3 class=\"title\">\n\t\t\t\t\t\t<a href=\"https:\/\/sicher-vererben.de\/index.php\/portfolio\/vorsorgevollmacht\/\" class=\"entry-title\">Vorsorgevollmacht<\/a>\n\t\t\t\t\t<\/h3>\n\t\t\t\t\t\t\t\t\t\t\t\t\t<div class=\"excerpt\"><p>Fr\u00fcher an sp\u00e4ter denken &#8211; die\u00a0Vorsorgevollmacht Jeder von uns kann ganz unerwartet in einer Situation sein, in der er wichtige Angelegenheiten nicht oder zumindest f\u00fcr l\u00e4ngere Zeit nicht mehr selbst regeln kann. Unfall, pl\u00f6tzliche Erkrankung, Alter oder Gebrechlichkeit k\u00f6nnen hierf\u00fcr urs\u00e4chlich sein. Mit einem Testament regeln Sie, was nach Ihrem Ableben geschehen soll. Vorsorgevollmacht und&#8230;<\/p>\n<\/div>\n\t\t\t\t\t\t\t<\/div>\n\t\t\t<\/div>\n<\/div><div data-id=\"46\" data-type=\"schwerpunkte\" class=\"has-title has-description grid-1-3 has-button state-closed vamtam-project cbp-item\" style=\"width: 33%\">\n\t<div class=\"portfolio-item-wrapper\">\n\t\t\t\t<div class=\"portfolio-image\">\n\t\t\t<div class=\"thumbnail\" style=\"max-height:400px\">\n\t\t\t\t\t\t\t<\/div><!-- \/ .thumbnail -->\n\t\t<\/div>\n\n\t\t\t\t\t<div class=\"portfolio_details\">\n\t\t\t\t\t\t\t\t\t<h3 class=\"title\">\n\t\t\t\t\t\t<a href=\"https:\/\/sicher-vererben.de\/index.php\/portfolio\/patientenverfuegung\/\" class=\"entry-title\">Patientenverf\u00fcgung<\/a>\n\t\t\t\t\t<\/h3>\n\t\t\t\t\t\t\t\t\t\t\t\t\t<div class=\"excerpt\"><p>Ihre Patientenverf\u00fcgung \u2013 Das sollten Sie wissen Was passiert, wenn ich einen Unfall hatte und nicht mehr zu Bewusstsein komme? Was geschieht, wenn ich mir aus k\u00f6rperlichen oder geistigen Gr\u00fcnden nicht mehr selbst helfen kann? Wie kann ich mich dagegen wehren, jahrelang hilflos an Maschinen zu h\u00e4ngen? Diese und \u00e4hnliche Fragen besch\u00e4ftigen viele Menschen. Etwa&#8230;<\/p>\n<\/div>\n\t\t\t\t\t\t\t<\/div>\n\t\t\t<\/div>\n<\/div><div data-id=\"20\" data-type=\"schwerpunkte\" class=\"has-title has-description grid-1-3 has-button state-closed vamtam-project cbp-item\" style=\"width: 33%\">\n\t<div class=\"portfolio-item-wrapper\">\n\t\t\t\t<div class=\"portfolio-image\">\n\t\t\t<div class=\"thumbnail\" style=\"max-height:400px\">\n\t\t\t\t\t\t\t<\/div><!-- \/ .thumbnail -->\n\t\t<\/div>\n\n\t\t\t\t\t<div class=\"portfolio_details\">\n\t\t\t\t\t\t\t\t\t<h3 class=\"title\">\n\t\t\t\t\t\t<a href=\"https:\/\/sicher-vererben.de\/index.php\/portfolio\/behindertentestament\/\" class=\"entry-title\">Behindertentestament<\/a>\n\t\t\t\t\t<\/h3>\n\t\t\t\t\t\t\t\t\t\t\t\t\t<div class=\"excerpt\"><p>Behindertentestament: Wichtige Tipps Mehr noch als alle anderen ben\u00f6tigen Familien ein sorgf\u00e4ltig durchdachtes Testament, wenn in Ihrem Kreis ein Mensch mit Behinderung lebt. Insbesondere Eltern eines hilfsbed\u00fcrftigen Kindes werden von der Sorge getrieben, ihr Kind nach ihrem Ableben bestm\u00f6glich versorgt zu wissen. Hier gilt es, zus\u00e4tzliche Sicherheit f\u00fcr den behinderten Menschen zu schaffen und die&#8230;<\/p>\n<\/div>\n\t\t\t\t\t\t\t<\/div>\n\t\t\t<\/div>\n<\/div>\t<\/div>\n\t<\/section>\n\n<\/div><\/div>\n","protected":false},"excerpt":{"rendered":"<p>Behindertentestament: Wichtige Tipps Mehr noch als alle anderen ben\u00f6tigen Familien ein sorgf\u00e4ltig durchdachtes Testament, wenn in Ihrem Kreis ein Mensch mit Behinderung lebt. Insbesondere Eltern eines hilfsbed\u00fcrftigen Kindes werden von der Sorge getrieben, ihr Kind nach ihrem Ableben bestm\u00f6glich versorgt zu wissen. Hier gilt es, zus\u00e4tzliche Sicherheit f\u00fcr den behinderten Menschen zu schaffen und die&#8230;<\/p>\n","protected":false},"author":1,"featured_media":0,"parent":0,"menu_order":0,"comment_status":"closed","ping_status":"closed","template":"","meta":{"footnotes":""},"class_list":["post-1851","page","type-page","status-publish","hentry"],"yoast_head":"<!-- This site is optimized with the Yoast SEO plugin v27.4 - https:\/\/yoast.com\/product\/yoast-seo-wordpress\/ -->\n<title>Schwerpunkte - Sicher vererben<\/title>\n<meta name=\"robots\" content=\"index, follow, max-snippet:-1, max-image-preview:large, max-video-preview:-1\" \/>\n<link rel=\"canonical\" href=\"https:\/\/sicher-vererben.de\/index.php\/schwerpunkte\/\" \/>\n<meta property=\"og:locale\" content=\"de_DE\" \/>\n<meta property=\"og:type\" content=\"article\" \/>\n<meta property=\"og:title\" content=\"Schwerpunkte - Sicher vererben\" \/>\n<meta property=\"og:description\" content=\"Behindertentestament: Wichtige Tipps Mehr noch als alle anderen ben\u00f6tigen Familien ein sorgf\u00e4ltig durchdachtes Testament, wenn in Ihrem Kreis ein Mensch mit Behinderung lebt. Insbesondere Eltern eines hilfsbed\u00fcrftigen Kindes werden von der Sorge getrieben, ihr Kind nach ihrem Ableben bestm\u00f6glich versorgt zu wissen. Hier gilt es, zus\u00e4tzliche Sicherheit f\u00fcr den behinderten Menschen zu schaffen und die...\" \/>\n<meta property=\"og:url\" content=\"https:\/\/sicher-vererben.de\/index.php\/schwerpunkte\/\" \/>\n<meta property=\"og:site_name\" content=\"Sicher vererben\" \/>\n<meta property=\"article:modified_time\" content=\"2023-01-18T22:40:40+00:00\" \/>\n<meta name=\"twitter:card\" content=\"summary_large_image\" \/>\n<meta name=\"twitter:label1\" content=\"Gesch\u00e4tzte Lesezeit\" \/>\n\t<meta name=\"twitter:data1\" content=\"1\u00a0Minute\" \/>\n<script type=\"application\/ld+json\" class=\"yoast-schema-graph\">{\"@context\":\"https:\\\/\\\/schema.org\",\"@graph\":[{\"@type\":\"WebPage\",\"@id\":\"https:\\\/\\\/sicher-vererben.de\\\/index.php\\\/schwerpunkte\\\/\",\"url\":\"https:\\\/\\\/sicher-vererben.de\\\/index.php\\\/schwerpunkte\\\/\",\"name\":\"Schwerpunkte - Sicher vererben\",\"isPartOf\":{\"@id\":\"https:\\\/\\\/sicher-vererben.de\\\/#website\"},\"datePublished\":\"2013-06-02T12:52:33+00:00\",\"dateModified\":\"2023-01-18T22:40:40+00:00\",\"breadcrumb\":{\"@id\":\"https:\\\/\\\/sicher-vererben.de\\\/index.php\\\/schwerpunkte\\\/#breadcrumb\"},\"inLanguage\":\"de\",\"potentialAction\":[{\"@type\":\"ReadAction\",\"target\":[\"https:\\\/\\\/sicher-vererben.de\\\/index.php\\\/schwerpunkte\\\/\"]}]},{\"@type\":\"BreadcrumbList\",\"@id\":\"https:\\\/\\\/sicher-vererben.de\\\/index.php\\\/schwerpunkte\\\/#breadcrumb\",\"itemListElement\":[{\"@type\":\"ListItem\",\"position\":1,\"name\":\"Startseite\",\"item\":\"https:\\\/\\\/sicher-vererben.de\\\/\"},{\"@type\":\"ListItem\",\"position\":2,\"name\":\"Schwerpunkte\"}]},{\"@type\":\"WebSite\",\"@id\":\"https:\\\/\\\/sicher-vererben.de\\\/#website\",\"url\":\"https:\\\/\\\/sicher-vererben.de\\\/\",\"name\":\"Sicher vererben\",\"description\":\"Dr. Britta Holdorf | Rechtsanw\u00e4ltin und Notarin\",\"potentialAction\":[{\"@type\":\"SearchAction\",\"target\":{\"@type\":\"EntryPoint\",\"urlTemplate\":\"https:\\\/\\\/sicher-vererben.de\\\/?s={search_term_string}\"},\"query-input\":{\"@type\":\"PropertyValueSpecification\",\"valueRequired\":true,\"valueName\":\"search_term_string\"}}],\"inLanguage\":\"de\"}]}<\/script>\n<!-- \/ Yoast SEO plugin. -->","yoast_head_json":{"title":"Schwerpunkte - Sicher vererben","robots":{"index":"index","follow":"follow","max-snippet":"max-snippet:-1","max-image-preview":"max-image-preview:large","max-video-preview":"max-video-preview:-1"},"canonical":"https:\/\/sicher-vererben.de\/index.php\/schwerpunkte\/","og_locale":"de_DE","og_type":"article","og_title":"Schwerpunkte - Sicher vererben","og_description":"Behindertentestament: Wichtige Tipps Mehr noch als alle anderen ben\u00f6tigen Familien ein sorgf\u00e4ltig durchdachtes Testament, wenn in Ihrem Kreis ein Mensch mit Behinderung lebt. Insbesondere Eltern eines hilfsbed\u00fcrftigen Kindes werden von der Sorge getrieben, ihr Kind nach ihrem Ableben bestm\u00f6glich versorgt zu wissen. Hier gilt es, zus\u00e4tzliche Sicherheit f\u00fcr den behinderten Menschen zu schaffen und die...","og_url":"https:\/\/sicher-vererben.de\/index.php\/schwerpunkte\/","og_site_name":"Sicher vererben","article_modified_time":"2023-01-18T22:40:40+00:00","twitter_card":"summary_large_image","twitter_misc":{"Gesch\u00e4tzte Lesezeit":"1\u00a0Minute"},"schema":{"@context":"https:\/\/schema.org","@graph":[{"@type":"WebPage","@id":"https:\/\/sicher-vererben.de\/index.php\/schwerpunkte\/","url":"https:\/\/sicher-vererben.de\/index.php\/schwerpunkte\/","name":"Schwerpunkte - Sicher vererben","isPartOf":{"@id":"https:\/\/sicher-vererben.de\/#website"},"datePublished":"2013-06-02T12:52:33+00:00","dateModified":"2023-01-18T22:40:40+00:00","breadcrumb":{"@id":"https:\/\/sicher-vererben.de\/index.php\/schwerpunkte\/#breadcrumb"},"inLanguage":"de","potentialAction":[{"@type":"ReadAction","target":["https:\/\/sicher-vererben.de\/index.php\/schwerpunkte\/"]}]},{"@type":"BreadcrumbList","@id":"https:\/\/sicher-vererben.de\/index.php\/schwerpunkte\/#breadcrumb","itemListElement":[{"@type":"ListItem","position":1,"name":"Startseite","item":"https:\/\/sicher-vererben.de\/"},{"@type":"ListItem","position":2,"name":"Schwerpunkte"}]},{"@type":"WebSite","@id":"https:\/\/sicher-vererben.de\/#website","url":"https:\/\/sicher-vererben.de\/","name":"Sicher vererben","description":"Dr. Britta Holdorf | Rechtsanw\u00e4ltin und Notarin","potentialAction":[{"@type":"SearchAction","target":{"@type":"EntryPoint","urlTemplate":"https:\/\/sicher-vererben.de\/?s={search_term_string}"},"query-input":{"@type":"PropertyValueSpecification","valueRequired":true,"valueName":"search_term_string"}}],"inLanguage":"de"}]}},"_links":{"self":[{"href":"https:\/\/sicher-vererben.de\/index.php\/wp-json\/wp\/v2\/pages\/1851","targetHints":{"allow":["GET"]}}],"collection":[{"href":"https:\/\/sicher-vererben.de\/index.php\/wp-json\/wp\/v2\/pages"}],"about":[{"href":"https:\/\/sicher-vererben.de\/index.php\/wp-json\/wp\/v2\/types\/page"}],"author":[{"embeddable":true,"href":"https:\/\/sicher-vererben.de\/index.php\/wp-json\/wp\/v2\/users\/1"}],"replies":[{"embeddable":true,"href":"https:\/\/sicher-vererben.de\/index.php\/wp-json\/wp\/v2\/comments?post=1851"}],"version-history":[{"count":21,"href":"https:\/\/sicher-vererben.de\/index.php\/wp-json\/wp\/v2\/pages\/1851\/revisions"}],"predecessor-version":[{"id":987889,"href":"https:\/\/sicher-vererben.de\/index.php\/wp-json\/wp\/v2\/pages\/1851\/revisions\/987889"}],"wp:attachment":[{"href":"https:\/\/sicher-vererben.de\/index.php\/wp-json\/wp\/v2\/media?parent=1851"}],"curies":[{"name":"wp","href":"https:\/\/api.w.org\/{rel}","templated":true}]}}