{"id":22,"date":"2013-06-29T12:31:33","date_gmt":"2013-06-29T12:31:33","guid":{"rendered":"http:\/\/www.sicher-vererben.de\/?page_id=22"},"modified":"2021-12-02T19:36:13","modified_gmt":"2021-12-02T19:36:13","slug":"kontakt","status":"publish","type":"page","link":"https:\/\/sicher-vererben.de\/index.php\/kontakt\/","title":{"rendered":"Kontakt"},"content":{"rendered":"<div class=\"row \"><div class=\"wpv-grid grid-1-1  wpv-first-level first unextended\" style=\"padding-top:0px;padding-bottom:0px\" id=\"wpv-column-bb8438a48b559baeffed3024af589db5\" >\t\t<h2 class=\"text-divider-double\">\t\t\tSie finden mich in Frankfurt am Main\t\t<\/h2>\t\t<div class=\"sep\"><\/div>\t<div class=\"row \"><div class=\"wpv-grid grid-1-1  first unextended animation-fade-in animated-active\" style=\"padding-top:0px;padding-bottom:0px\" id=\"wpv-column-1e2628b36a60949146ee2878e912317a\" ><p style=\"text-align: center;\"><div class=\"push\" style='margin-bottom:-30px'><\/div>\n<p style=\"text-align: center;\">Parkpl\u00e4tze: Direkt vor der Kanzlei<br \/>\n<div class=\"push\" style='height:30px'><\/div><\/div><\/div>\n<div class=\"row \"><div class=\"wpv-grid grid-1-3  first unextended animation-fade-in animated-active\" style=\"padding-top:0px;padding-bottom:0px\" id=\"wpv-column-42fdf1ab40bb55dc1047588300315640\" ><p style=\"text-align: center;\"><span class='icon shortcode theme  use-hover' style='font-size:32px !important;color:#b81427;'>&#57547;<\/span>\n<div style=\"text-align: center;\" align=\"center\">Bockenheimer Landstr. 107<\/div>\n<div style=\"text-align: center;\" align=\"center\">60325 Frankfurt am Main<\/div>\n<p style=\"text-align: center;\"><a href=\"https:\/\/www.google.de\/maps\/place\/Bockenheimer+Landstra%C3%9Fe+107,+60325+Frankfurt+am+Main,+Deutschland\/@50.1195561,8.6539119,17z\/data=!3m1!4b1!4m5!3m4!1s0x47bd094543422277:0x64429e9d110a9a19!8m2!3d50.1195561!4d8.6561006?dcr=0\" target=\"_blank\" rel=\"noopener noreferrer\">Map\u00a0\u2192<\/a><\/div>\n<div class=\"wpv-grid grid-1-3  unextended animation-fade-in animated-active\" style=\"padding-top:0px;padding-bottom:0px\" id=\"wpv-column-66ee0ac24c4e108ce42f4d03aaecfe47\" ><p style=\"text-align: center;\"><span class='icon shortcode theme  use-hover' style='font-size:32px !important;color:#b81427;'>&#57471;<\/span>\n<p style=\"text-align: center;\">Tel: <a>+49 (69) 9451 9260 0<\/a><\/p>\n<p style=\"text-align: center;\">Fax: +49 (69) 9451 9260 9<\/div>\n<div class=\"wpv-grid grid-1-3  unextended animation-fade-in animated-active\" style=\"padding-top:0px;padding-bottom:0px\" id=\"wpv-column-cd0e9810fa58b2052a88ad81e43a454f\" ><p style=\"text-align: center;\"><span class='icon shortcode theme  use-hover' style='font-size:32px !important;color:#b81427;'>&#57530;<\/span>\n<p style=\"text-align: center;\">MO &#8211; FR: 09:00 \u2013 18:00<\/div><\/div>\n<div class=\"push\" style='margin-bottom:-40px'><\/div>\n<div class=\"row \"><div class=\"wpv-grid grid-1-1  first unextended animation-zoom-in animated-active\" style=\"padding-top:0px;padding-bottom:0px\" id=\"wpv-column-1c8226c1244cc5217846f8f56a3e8eda\" ><div class=\"push\" style='height:20px'><\/div><\/div><\/div>\n<div class=\"push\" style='height:100px'><\/div><\/div><\/div>\n<div class=\"row \"><div class=\"wpv-grid grid-1-1  wpv-first-level parallax-bg first has-background extended\" style=\"\n\t\t\t\tbackground: url( 'https:\/\/www.notar-ra-holdorf.de\/wp-content\/uploads\/2021\/05\/Hintergrund-Britta-Holdorf-Saeulen.jpg' )  center top;\n\t\t\t\tbackground-size: cover;\n\t\t\tbackground-attachment: fixed;background-color:#f5f5f5;padding-top:0px;padding-bottom:50px\" id=\"kontakt_form\"  data-parallax-method=\"to-centre\" data-parallax-inertia=\"-0.2\"><div class=\"extended-column-inner\"><style>#kontakt_form p,#kontakt_form em,#kontakt_form .column-title,#kontakt_form .sep-text h2.regular-title-wrapper,#kontakt_form .text-divider-double,#kontakt_form .sep-text .sep-text-line,#kontakt_form .sep,#kontakt_form .sep-2,#kontakt_form .sep-3,#kontakt_form td,#kontakt_form th,#kontakt_form caption{color:#767676;}#kontakt_form:before{background-color:transparent;}<\/style>\t\t<div class=\"sep-text single centered\">\n\t\t\t\t\t\t\t<span class=\"sep-text-before\"><div class=\"sep-text-line\"><\/div><\/span>\n\t\t\t\t\t\t<div class=\"content\">\n\t\t\t\t<h2 class=\"text-divider-double\">\nKontaktieren Sie mich<\/h2>\t\t\t<\/div>\n\t\t\t<span class=\"sep-text-after\"><div class=\"sep-text-line\"><\/div><\/span>\n\t\t\t\t\t<\/div>\n\t\n<div class=\"row \"><div class=\"wpv-grid grid-1-1  first unextended\" style=\"padding-top:0px;padding-bottom:0px\" id=\"wpv-column-9842f8a2759163f1813ab37f074fc243\" ><p style=\"text-align: center;\"><div class=\"push\" style='margin-bottom:-20px'><\/div>\n<p style=\"text-align: center;\"><span class=\"vamtam-font-style-2 accent-4\">Sie haben Fragen oder Anregungen? Schreiben Sie mir eine E-Mail an <a>info@sicher-vererben.de<\/a>. <\/span><\/p>\n<p style=\"text-align: center;\"><span class=\"vamtam-font-style-2 accent-4\">Gerne setze ich mich mit Ihnen in Verbindung. <\/span><\/p>\n<p style=\"text-align: center;\"><span class=\"vamtam-font-style-2 accent-4\">\u00a0<\/span><\/p>\n<p style=\"text-align: center;\"><div class=\"push\" style='height:20px'><\/div><\/div><\/div><\/div><\/div><\/div>\n","protected":false},"excerpt":{"rendered":"<p>Parkpl\u00e4tze: Direkt vor der Kanzlei Bockenheimer Landstr. 107 60325 Frankfurt am Main Map\u00a0\u2192 Tel: +49 (69) 9451 9260 0 Fax: +49 (69) 9451 9260 9 MO &#8211; FR: 09:00 \u2013 18:00 Sie haben Fragen oder Anregungen? Schreiben Sie mir eine E-Mail an info@sicher-vererben.de. Gerne setze ich mich mit Ihnen in Verbindung. \u00a0<\/p>\n","protected":false},"author":2,"featured_media":0,"parent":0,"menu_order":0,"comment_status":"closed","ping_status":"closed","template":"","meta":{"footnotes":""},"class_list":["post-22","page","type-page","status-publish","hentry"],"yoast_head":"<!-- This site is optimized with the Yoast SEO plugin v27.5 - https:\/\/yoast.com\/product\/yoast-seo-wordpress\/ -->\n<title>Rechtsanw\u00e4ltin und Notarin f\u00fcr Verm\u00f6gensnachfolge und Stiftungen<\/title>\n<meta name=\"description\" content=\"Dr. Britta Holdorf betreut sie bundesweit bei allen Fragen, die zur Regelung der Verm\u00f6gensnachfolge oder nach einem Erbfall auftreten.\" \/>\n<meta name=\"robots\" content=\"index, follow, max-snippet:-1, max-image-preview:large, max-video-preview:-1\" \/>\n<link rel=\"canonical\" href=\"https:\/\/sicher-vererben.de\/index.php\/kontakt\/\" \/>\n<meta property=\"og:locale\" content=\"de_DE\" \/>\n<meta property=\"og:type\" content=\"article\" \/>\n<meta property=\"og:title\" content=\"Rechtsanw\u00e4ltin und Notarin f\u00fcr Verm\u00f6gensnachfolge und Stiftungen\" \/>\n<meta property=\"og:description\" content=\"Dr. Britta Holdorf betreut sie bundesweit bei allen Fragen, die zur Regelung der Verm\u00f6gensnachfolge oder nach einem Erbfall auftreten.\" \/>\n<meta property=\"og:url\" content=\"https:\/\/sicher-vererben.de\/index.php\/kontakt\/\" \/>\n<meta property=\"og:site_name\" content=\"Sicher vererben\" \/>\n<meta property=\"article:modified_time\" content=\"2021-12-02T19:36:13+00:00\" \/>\n<meta name=\"twitter:card\" content=\"summary_large_image\" \/>\n<meta name=\"twitter:label1\" content=\"Gesch\u00e4tzte Lesezeit\" \/>\n\t<meta name=\"twitter:data1\" content=\"1\u00a0Minute\" \/>\n<script type=\"application\/ld+json\" class=\"yoast-schema-graph\">{\"@context\":\"https:\\\/\\\/schema.org\",\"@graph\":[{\"@type\":\"WebPage\",\"@id\":\"https:\\\/\\\/sicher-vererben.de\\\/index.php\\\/kontakt\\\/\",\"url\":\"https:\\\/\\\/sicher-vererben.de\\\/index.php\\\/kontakt\\\/\",\"name\":\"Rechtsanw\u00e4ltin und Notarin f\u00fcr Verm\u00f6gensnachfolge und Stiftungen\",\"isPartOf\":{\"@id\":\"https:\\\/\\\/sicher-vererben.de\\\/#website\"},\"datePublished\":\"2013-06-29T12:31:33+00:00\",\"dateModified\":\"2021-12-02T19:36:13+00:00\",\"description\":\"Dr. Britta Holdorf betreut sie bundesweit bei allen Fragen, die zur Regelung der Verm\u00f6gensnachfolge oder nach einem Erbfall auftreten.\",\"breadcrumb\":{\"@id\":\"https:\\\/\\\/sicher-vererben.de\\\/index.php\\\/kontakt\\\/#breadcrumb\"},\"inLanguage\":\"de\",\"potentialAction\":[{\"@type\":\"ReadAction\",\"target\":[\"https:\\\/\\\/sicher-vererben.de\\\/index.php\\\/kontakt\\\/\"]}]},{\"@type\":\"BreadcrumbList\",\"@id\":\"https:\\\/\\\/sicher-vererben.de\\\/index.php\\\/kontakt\\\/#breadcrumb\",\"itemListElement\":[{\"@type\":\"ListItem\",\"position\":1,\"name\":\"Startseite\",\"item\":\"https:\\\/\\\/sicher-vererben.de\\\/\"},{\"@type\":\"ListItem\",\"position\":2,\"name\":\"Kontakt\"}]},{\"@type\":\"WebSite\",\"@id\":\"https:\\\/\\\/sicher-vererben.de\\\/#website\",\"url\":\"https:\\\/\\\/sicher-vererben.de\\\/\",\"name\":\"Sicher vererben\",\"description\":\"Dr. Britta Holdorf | Rechtsanw\u00e4ltin und Notarin\",\"potentialAction\":[{\"@type\":\"SearchAction\",\"target\":{\"@type\":\"EntryPoint\",\"urlTemplate\":\"https:\\\/\\\/sicher-vererben.de\\\/?s={search_term_string}\"},\"query-input\":{\"@type\":\"PropertyValueSpecification\",\"valueRequired\":true,\"valueName\":\"search_term_string\"}}],\"inLanguage\":\"de\"}]}<\/script>\n<!-- \/ Yoast SEO plugin. -->","yoast_head_json":{"title":"Rechtsanw\u00e4ltin und Notarin f\u00fcr Verm\u00f6gensnachfolge und Stiftungen","description":"Dr. Britta Holdorf betreut sie bundesweit bei allen Fragen, die zur Regelung der Verm\u00f6gensnachfolge oder nach einem Erbfall auftreten.","robots":{"index":"index","follow":"follow","max-snippet":"max-snippet:-1","max-image-preview":"max-image-preview:large","max-video-preview":"max-video-preview:-1"},"canonical":"https:\/\/sicher-vererben.de\/index.php\/kontakt\/","og_locale":"de_DE","og_type":"article","og_title":"Rechtsanw\u00e4ltin und Notarin f\u00fcr Verm\u00f6gensnachfolge und Stiftungen","og_description":"Dr. Britta Holdorf betreut sie bundesweit bei allen Fragen, die zur Regelung der Verm\u00f6gensnachfolge oder nach einem Erbfall auftreten.","og_url":"https:\/\/sicher-vererben.de\/index.php\/kontakt\/","og_site_name":"Sicher vererben","article_modified_time":"2021-12-02T19:36:13+00:00","twitter_card":"summary_large_image","twitter_misc":{"Gesch\u00e4tzte Lesezeit":"1\u00a0Minute"},"schema":{"@context":"https:\/\/schema.org","@graph":[{"@type":"WebPage","@id":"https:\/\/sicher-vererben.de\/index.php\/kontakt\/","url":"https:\/\/sicher-vererben.de\/index.php\/kontakt\/","name":"Rechtsanw\u00e4ltin und Notarin f\u00fcr Verm\u00f6gensnachfolge und Stiftungen","isPartOf":{"@id":"https:\/\/sicher-vererben.de\/#website"},"datePublished":"2013-06-29T12:31:33+00:00","dateModified":"2021-12-02T19:36:13+00:00","description":"Dr. Britta Holdorf betreut sie bundesweit bei allen Fragen, die zur Regelung der Verm\u00f6gensnachfolge oder nach einem Erbfall auftreten.","breadcrumb":{"@id":"https:\/\/sicher-vererben.de\/index.php\/kontakt\/#breadcrumb"},"inLanguage":"de","potentialAction":[{"@type":"ReadAction","target":["https:\/\/sicher-vererben.de\/index.php\/kontakt\/"]}]},{"@type":"BreadcrumbList","@id":"https:\/\/sicher-vererben.de\/index.php\/kontakt\/#breadcrumb","itemListElement":[{"@type":"ListItem","position":1,"name":"Startseite","item":"https:\/\/sicher-vererben.de\/"},{"@type":"ListItem","position":2,"name":"Kontakt"}]},{"@type":"WebSite","@id":"https:\/\/sicher-vererben.de\/#website","url":"https:\/\/sicher-vererben.de\/","name":"Sicher vererben","description":"Dr. Britta Holdorf | Rechtsanw\u00e4ltin und Notarin","potentialAction":[{"@type":"SearchAction","target":{"@type":"EntryPoint","urlTemplate":"https:\/\/sicher-vererben.de\/?s={search_term_string}"},"query-input":{"@type":"PropertyValueSpecification","valueRequired":true,"valueName":"search_term_string"}}],"inLanguage":"de"}]}},"_links":{"self":[{"href":"https:\/\/sicher-vererben.de\/index.php\/wp-json\/wp\/v2\/pages\/22","targetHints":{"allow":["GET"]}}],"collection":[{"href":"https:\/\/sicher-vererben.de\/index.php\/wp-json\/wp\/v2\/pages"}],"about":[{"href":"https:\/\/sicher-vererben.de\/index.php\/wp-json\/wp\/v2\/types\/page"}],"author":[{"embeddable":true,"href":"https:\/\/sicher-vererben.de\/index.php\/wp-json\/wp\/v2\/users\/2"}],"replies":[{"embeddable":true,"href":"https:\/\/sicher-vererben.de\/index.php\/wp-json\/wp\/v2\/comments?post=22"}],"version-history":[{"count":5,"href":"https:\/\/sicher-vererben.de\/index.php\/wp-json\/wp\/v2\/pages\/22\/revisions"}],"predecessor-version":[{"id":987832,"href":"https:\/\/sicher-vererben.de\/index.php\/wp-json\/wp\/v2\/pages\/22\/revisions\/987832"}],"wp:attachment":[{"href":"https:\/\/sicher-vererben.de\/index.php\/wp-json\/wp\/v2\/media?parent=22"}],"curies":[{"name":"wp","href":"https:\/\/api.w.org\/{rel}","templated":true}]}}