{"id":63,"date":"2013-07-03T02:34:35","date_gmt":"2013-07-03T02:34:35","guid":{"rendered":"http:\/\/www.sicher-vererben.de\/?page_id=63"},"modified":"2021-12-02T11:28:56","modified_gmt":"2021-12-02T11:28:56","slug":"dr-britta-holdorf-rechtsanwaeltin-und-notarin-kanzlei-fur-vermogensnachfolge-und-stiftungen","status":"publish","type":"page","link":"https:\/\/sicher-vererben.de\/index.php\/dr-britta-holdorf-rechtsanwaeltin-und-notarin-kanzlei-fur-vermogensnachfolge-und-stiftungen\/","title":{"rendered":"Dr. Britta Holdorf Rechtsanw\u00e4ltin und Notarin f\u00fcr Verm\u00f6gensnachfolge &#038; Stiftungen"},"content":{"rendered":"<div class=\"row \"><div class=\"wpv-grid grid-1-1  wpv-first-level first unextended\" style=\"padding-top:0px;padding-bottom:0px\" id=\"wpv-column-6e88e8f026087637aa04bc2c1cf28650\" ><h1>Kanzlei f\u00fcr Verm\u00f6gensnachfolge und Stiftungen<\/h1>\n<p>Seit mehren Jahren ist Dr. Britta Holdorf Rechtsanw\u00e4ltin und Notarin spezialisiert auf die Themen \u201eErben und Vererben, Schenken und Stiften\u201c.<\/p>\n<p>Ihre Mandanten betreut sie bundesweit bei allen Fragen, die zur Regelung der Verm\u00f6gensnachfolge oder nach einem Erbfall auftreten.<\/p>\n<p>Mit Leidenschaft setzt sie sich daf\u00fcr ein, dass ihre Mandanten eine ma\u00dfgeschneiderte L\u00f6sung erhalten, die sie ruhig schlafen l\u00e4sst.<\/p>\n<h2>Testament und Vorsorgeregelungen:<\/h2>\n<ul>\n<li>Analyse des vorhandenen Testaments<\/li>\n<li>Anpassung des vorhandenen Testaments an ver\u00e4nderte Umst\u00e4nde<\/li>\n<li>Neugestaltung von Testamenten<\/li>\n<li>Langj\u00e4hrige Erfahrung mit Behindertentestamenten<\/li>\n<li>Vorbereitung von Erbvertrag und Ehevertrag<\/li>\n<li>Testamentsvollstreckung<\/li>\n<li>Vorsorgevollmacht und Patientenverf\u00fcgung<\/li>\n<\/ul>\n<h2>Verm\u00f6gens\u00fcbertragungen, Schenkungen:<\/h2>\n<ul>\n<li>Pr\u00fcfung Ihrer bereits geschlossenen Vertr\u00e4ge<\/li>\n<li>Gestaltung von Schenkungsvertr\u00e4gen, ehebedingten Zuwendungen, vorweg genommener Erbfolge<\/li>\n<li>Sicherung der Rechte des Schenkers<\/li>\n<li>Familiengespr\u00e4che zur Konsenserzielung mit den Erben<\/li>\n<\/ul>\n<h2>Beratung und Vertretung nach dem Erbfall, z.B.:<\/h2>\n<ul>\n<li>Erbauseinandersetzung<\/li>\n<li>Vertretung Ihrer Rechte z.B. gegen\u00fcber Miterben<\/li>\n<li>Nachlassabwicklung<\/li>\n<li>Testamentsvollstreckung<\/li>\n<li>Pflichtteilsanspr\u00fcche, Durchsetzung oder Abwehr<\/li>\n<\/ul>\n<h2>Stifter und Stiftungen:<\/h2>\n<ul>\n<li>Beratung von Stiftern, z.B.:<\/li>\n<li>Beratung \u00fcber die f\u00fcr Sie optimale Form der Stiftung<\/li>\n<li>Beratung \u00fcber den Stiftungszweck<\/li>\n<li>Gestaltung Ihrer Stiftungssatzung und Ihres Stiftungsgesch\u00e4fts<\/li>\n<li>Gr\u00fcndung Ihrer Stiftung sowohl zu Lebzeiten als auch im Zusammenhang mit einem Testament oder Nachlass<\/li>\n<li>Regelung aller Formalit\u00e4ten im Zusammenhang mit der Gr\u00fcndung<\/li>\n<li>Beratung von Stiftungen<\/li>\n<\/ul>\n<p>Ob Nachlass\u2013 und Nachfolge-Fragen per Testament oder Erbvertrag geregelt werden sollen, die Verm\u00f6gens\u00fcbertragung zu Lebzeiten (Schenkung) vorzubereiten oder eine Stiftung zu konzipieren, zu gr\u00fcnden und zu managen ist, ich berate Sie gerne \u2013 selbstverst\u00e4ndlich auch in Ihrem privaten Umfeld. Auch bei Fragen, die nach einem Erbfall auf Sie zukommen, bin ich gern f\u00fcr Sie da.<\/p>\n<p>In ganz Deutschland.<\/div><\/div>\n","protected":false},"excerpt":{"rendered":"<p>Kanzlei f\u00fcr Verm\u00f6gensnachfolge und Stiftungen Seit mehren Jahren ist Dr. Britta Holdorf Rechtsanw\u00e4ltin und Notarin spezialisiert auf die Themen \u201eErben und Vererben, Schenken und Stiften\u201c. Ihre Mandanten betreut sie bundesweit bei allen Fragen, die zur Regelung der Verm\u00f6gensnachfolge oder nach einem Erbfall auftreten. Mit Leidenschaft setzt sie sich daf\u00fcr ein, dass ihre Mandanten eine ma\u00dfgeschneiderte&#8230;<\/p>\n","protected":false},"author":2,"featured_media":0,"parent":0,"menu_order":0,"comment_status":"closed","ping_status":"closed","template":"","meta":{"footnotes":""},"class_list":["post-63","page","type-page","status-publish","hentry"],"yoast_head":"<!-- This site is optimized with the Yoast SEO plugin v27.5 - https:\/\/yoast.com\/product\/yoast-seo-wordpress\/ -->\n<title>Dr. Britta Holdorf Rechtsanw\u00e4ltin und Notarin Verm\u00f6gensnachfolge &amp; Stiftungen Frankfurt\/Main<\/title>\n<meta name=\"description\" content=\"Dr. Britta Holdorf Rechtsanw\u00e4ltin und Notarin f\u00fcr Verm\u00f6gensnachfolge u. Erbrecht in Frankfurt am Main. Spezialisiert auf die Themen: Sicher Vererben, Schenken &amp; Stiften.\" \/>\n<meta name=\"robots\" content=\"index, follow, max-snippet:-1, max-image-preview:large, max-video-preview:-1\" \/>\n<link rel=\"canonical\" href=\"https:\/\/sicher-vererben.de\/index.php\/dr-britta-holdorf-rechtsanwaeltin-und-notarin-kanzlei-fur-vermogensnachfolge-und-stiftungen\/\" \/>\n<meta property=\"og:locale\" content=\"de_DE\" \/>\n<meta property=\"og:type\" content=\"article\" \/>\n<meta property=\"og:title\" content=\"Dr. Britta Holdorf Rechtsanw\u00e4ltin und Notarin Verm\u00f6gensnachfolge &amp; Stiftungen Frankfurt\/Main\" \/>\n<meta property=\"og:description\" content=\"Dr. Britta Holdorf Rechtsanw\u00e4ltin und Notarin f\u00fcr Verm\u00f6gensnachfolge u. Erbrecht in Frankfurt am Main. Spezialisiert auf die Themen: Sicher Vererben, Schenken &amp; Stiften.\" \/>\n<meta property=\"og:url\" content=\"https:\/\/sicher-vererben.de\/index.php\/dr-britta-holdorf-rechtsanwaeltin-und-notarin-kanzlei-fur-vermogensnachfolge-und-stiftungen\/\" \/>\n<meta property=\"og:site_name\" content=\"Sicher vererben\" \/>\n<meta property=\"article:modified_time\" content=\"2021-12-02T11:28:56+00:00\" \/>\n<meta name=\"twitter:card\" content=\"summary_large_image\" \/>\n<meta name=\"twitter:label1\" content=\"Gesch\u00e4tzte Lesezeit\" \/>\n\t<meta name=\"twitter:data1\" content=\"2\u00a0Minuten\" \/>\n<script type=\"application\/ld+json\" class=\"yoast-schema-graph\">{\"@context\":\"https:\\\/\\\/schema.org\",\"@graph\":[{\"@type\":\"WebPage\",\"@id\":\"https:\\\/\\\/sicher-vererben.de\\\/index.php\\\/dr-britta-holdorf-rechtsanwaeltin-und-notarin-kanzlei-fur-vermogensnachfolge-und-stiftungen\\\/\",\"url\":\"https:\\\/\\\/sicher-vererben.de\\\/index.php\\\/dr-britta-holdorf-rechtsanwaeltin-und-notarin-kanzlei-fur-vermogensnachfolge-und-stiftungen\\\/\",\"name\":\"Dr. Britta Holdorf Rechtsanw\u00e4ltin und Notarin Verm\u00f6gensnachfolge & Stiftungen Frankfurt\\\/Main\",\"isPartOf\":{\"@id\":\"https:\\\/\\\/sicher-vererben.de\\\/#website\"},\"datePublished\":\"2013-07-03T02:34:35+00:00\",\"dateModified\":\"2021-12-02T11:28:56+00:00\",\"description\":\"Dr. Britta Holdorf Rechtsanw\u00e4ltin und Notarin f\u00fcr Verm\u00f6gensnachfolge u. Erbrecht in Frankfurt am Main. Spezialisiert auf die Themen: Sicher Vererben, Schenken & Stiften.\",\"breadcrumb\":{\"@id\":\"https:\\\/\\\/sicher-vererben.de\\\/index.php\\\/dr-britta-holdorf-rechtsanwaeltin-und-notarin-kanzlei-fur-vermogensnachfolge-und-stiftungen\\\/#breadcrumb\"},\"inLanguage\":\"de\",\"potentialAction\":[{\"@type\":\"ReadAction\",\"target\":[\"https:\\\/\\\/sicher-vererben.de\\\/index.php\\\/dr-britta-holdorf-rechtsanwaeltin-und-notarin-kanzlei-fur-vermogensnachfolge-und-stiftungen\\\/\"]}]},{\"@type\":\"BreadcrumbList\",\"@id\":\"https:\\\/\\\/sicher-vererben.de\\\/index.php\\\/dr-britta-holdorf-rechtsanwaeltin-und-notarin-kanzlei-fur-vermogensnachfolge-und-stiftungen\\\/#breadcrumb\",\"itemListElement\":[{\"@type\":\"ListItem\",\"position\":1,\"name\":\"Startseite\",\"item\":\"https:\\\/\\\/sicher-vererben.de\\\/\"},{\"@type\":\"ListItem\",\"position\":2,\"name\":\"Dr. Britta Holdorf Rechtsanw\u00e4ltin und Notarin f\u00fcr Verm\u00f6gensnachfolge &#038; Stiftungen\"}]},{\"@type\":\"WebSite\",\"@id\":\"https:\\\/\\\/sicher-vererben.de\\\/#website\",\"url\":\"https:\\\/\\\/sicher-vererben.de\\\/\",\"name\":\"Sicher vererben\",\"description\":\"Dr. Britta Holdorf | Rechtsanw\u00e4ltin und Notarin\",\"potentialAction\":[{\"@type\":\"SearchAction\",\"target\":{\"@type\":\"EntryPoint\",\"urlTemplate\":\"https:\\\/\\\/sicher-vererben.de\\\/?s={search_term_string}\"},\"query-input\":{\"@type\":\"PropertyValueSpecification\",\"valueRequired\":true,\"valueName\":\"search_term_string\"}}],\"inLanguage\":\"de\"}]}<\/script>\n<!-- \/ Yoast SEO plugin. -->","yoast_head_json":{"title":"Dr. Britta Holdorf Rechtsanw\u00e4ltin und Notarin Verm\u00f6gensnachfolge & Stiftungen Frankfurt\/Main","description":"Dr. Britta Holdorf Rechtsanw\u00e4ltin und Notarin f\u00fcr Verm\u00f6gensnachfolge u. Erbrecht in Frankfurt am Main. Spezialisiert auf die Themen: Sicher Vererben, Schenken & Stiften.","robots":{"index":"index","follow":"follow","max-snippet":"max-snippet:-1","max-image-preview":"max-image-preview:large","max-video-preview":"max-video-preview:-1"},"canonical":"https:\/\/sicher-vererben.de\/index.php\/dr-britta-holdorf-rechtsanwaeltin-und-notarin-kanzlei-fur-vermogensnachfolge-und-stiftungen\/","og_locale":"de_DE","og_type":"article","og_title":"Dr. Britta Holdorf Rechtsanw\u00e4ltin und Notarin Verm\u00f6gensnachfolge & Stiftungen Frankfurt\/Main","og_description":"Dr. Britta Holdorf Rechtsanw\u00e4ltin und Notarin f\u00fcr Verm\u00f6gensnachfolge u. Erbrecht in Frankfurt am Main. Spezialisiert auf die Themen: Sicher Vererben, Schenken & Stiften.","og_url":"https:\/\/sicher-vererben.de\/index.php\/dr-britta-holdorf-rechtsanwaeltin-und-notarin-kanzlei-fur-vermogensnachfolge-und-stiftungen\/","og_site_name":"Sicher vererben","article_modified_time":"2021-12-02T11:28:56+00:00","twitter_card":"summary_large_image","twitter_misc":{"Gesch\u00e4tzte Lesezeit":"2\u00a0Minuten"},"schema":{"@context":"https:\/\/schema.org","@graph":[{"@type":"WebPage","@id":"https:\/\/sicher-vererben.de\/index.php\/dr-britta-holdorf-rechtsanwaeltin-und-notarin-kanzlei-fur-vermogensnachfolge-und-stiftungen\/","url":"https:\/\/sicher-vererben.de\/index.php\/dr-britta-holdorf-rechtsanwaeltin-und-notarin-kanzlei-fur-vermogensnachfolge-und-stiftungen\/","name":"Dr. Britta Holdorf Rechtsanw\u00e4ltin und Notarin Verm\u00f6gensnachfolge & Stiftungen Frankfurt\/Main","isPartOf":{"@id":"https:\/\/sicher-vererben.de\/#website"},"datePublished":"2013-07-03T02:34:35+00:00","dateModified":"2021-12-02T11:28:56+00:00","description":"Dr. Britta Holdorf Rechtsanw\u00e4ltin und Notarin f\u00fcr Verm\u00f6gensnachfolge u. Erbrecht in Frankfurt am Main. Spezialisiert auf die Themen: Sicher Vererben, Schenken & Stiften.","breadcrumb":{"@id":"https:\/\/sicher-vererben.de\/index.php\/dr-britta-holdorf-rechtsanwaeltin-und-notarin-kanzlei-fur-vermogensnachfolge-und-stiftungen\/#breadcrumb"},"inLanguage":"de","potentialAction":[{"@type":"ReadAction","target":["https:\/\/sicher-vererben.de\/index.php\/dr-britta-holdorf-rechtsanwaeltin-und-notarin-kanzlei-fur-vermogensnachfolge-und-stiftungen\/"]}]},{"@type":"BreadcrumbList","@id":"https:\/\/sicher-vererben.de\/index.php\/dr-britta-holdorf-rechtsanwaeltin-und-notarin-kanzlei-fur-vermogensnachfolge-und-stiftungen\/#breadcrumb","itemListElement":[{"@type":"ListItem","position":1,"name":"Startseite","item":"https:\/\/sicher-vererben.de\/"},{"@type":"ListItem","position":2,"name":"Dr. Britta Holdorf Rechtsanw\u00e4ltin und Notarin f\u00fcr Verm\u00f6gensnachfolge &#038; Stiftungen"}]},{"@type":"WebSite","@id":"https:\/\/sicher-vererben.de\/#website","url":"https:\/\/sicher-vererben.de\/","name":"Sicher vererben","description":"Dr. Britta Holdorf | Rechtsanw\u00e4ltin und Notarin","potentialAction":[{"@type":"SearchAction","target":{"@type":"EntryPoint","urlTemplate":"https:\/\/sicher-vererben.de\/?s={search_term_string}"},"query-input":{"@type":"PropertyValueSpecification","valueRequired":true,"valueName":"search_term_string"}}],"inLanguage":"de"}]}},"_links":{"self":[{"href":"https:\/\/sicher-vererben.de\/index.php\/wp-json\/wp\/v2\/pages\/63","targetHints":{"allow":["GET"]}}],"collection":[{"href":"https:\/\/sicher-vererben.de\/index.php\/wp-json\/wp\/v2\/pages"}],"about":[{"href":"https:\/\/sicher-vererben.de\/index.php\/wp-json\/wp\/v2\/types\/page"}],"author":[{"embeddable":true,"href":"https:\/\/sicher-vererben.de\/index.php\/wp-json\/wp\/v2\/users\/2"}],"replies":[{"embeddable":true,"href":"https:\/\/sicher-vererben.de\/index.php\/wp-json\/wp\/v2\/comments?post=63"}],"version-history":[{"count":1,"href":"https:\/\/sicher-vererben.de\/index.php\/wp-json\/wp\/v2\/pages\/63\/revisions"}],"predecessor-version":[{"id":987794,"href":"https:\/\/sicher-vererben.de\/index.php\/wp-json\/wp\/v2\/pages\/63\/revisions\/987794"}],"wp:attachment":[{"href":"https:\/\/sicher-vererben.de\/index.php\/wp-json\/wp\/v2\/media?parent=63"}],"curies":[{"name":"wp","href":"https:\/\/api.w.org\/{rel}","templated":true}]}}