{"id":9473,"date":"2014-09-28T00:23:46","date_gmt":"2014-09-28T00:23:46","guid":{"rendered":"http:\/\/lawyers-attorneys.vamtam.com\/?page_id=9473"},"modified":"2023-01-18T22:39:16","modified_gmt":"2023-01-18T22:39:16","slug":"ueber-mich","status":"publish","type":"page","link":"https:\/\/sicher-vererben.de\/index.php\/ueber-mich\/","title":{"rendered":"\u00dcber Mich"},"content":{"rendered":"<div class=\"row \"><div class=\"wpv-grid grid-2-3  wpv-first-level first has-background unextended\" style=\"\n\t\t\t\tbackground: url( 'https:\/\/sicher-vererben.de\/wp-content\/uploads\/2023\/01\/RA-NO-Britta-Holdorf-554-small.jpg' ) no-repeat center top;\n\t\t\t\tbackground-size: auto;\n\t\t\tpadding-top:400px;padding-bottom:0px\" id=\"wpv-column-94e30d9f84c2bc4be94b296e35130259\" ><\/div>\n<div class=\"wpv-grid grid-1-3 add-border wpv-first-level unextended\" style=\"padding-top:20px;padding-bottom:15px\" id=\"wpv-column-8101b6a6654e790af24fc9a76f59f7f5\" ><div class=\"row \"><div class=\"wpv-grid grid-1-1  first unextended animation-fade-in animated-active\" style=\"padding-top:0px;padding-bottom:0px\" id=\"wpv-column-f271db218ace5990e02c9ecafcbdd128\" ><h4 style=\"padding-left: 20px;\">Kontaktdaten<\/h4>\n<div class=\"title\">\n<p style=\"padding-left: 20px;\">Dr. Britta Holdorf<br \/>\nRechtsanw\u00e4ltin und Notarin \u2013 Kanzlei f\u00fcr Verm\u00f6gensnachfolge und Stiftungen<br \/>\nBockenheimer Landstr. 107<br \/>\n60325 Frankfurt am Main<br \/>\n069 &#8211; 945192600<br \/>\n<a href=\"mailto:info@sicher-vererben.de\">info@sicher-vererben.de<\/a><\/p>\n<\/div>\n<p style=\"padding-left: 20px;\"><div class=\"push\" style='height:10px'><\/div>\n<h4 style=\"padding-left: 20px;\">SCHWERPUNKTE<\/h4>\n<p style=\"padding-left: 20px;\"><a href=\"https:\/\/www.notar-ra-holdorf.de\/notarielle-taetigkeit\/\">Notarielle T\u00e4tigkeit<\/a><br \/>\n<a href=\"https:\/\/www.notar-ra-holdorf.de\/anwaltliche-taetigkeit\/\">Anwaltliche T\u00e4tigkeit<\/a><br \/>\n<div class=\"push\" style='height:10px'><\/div>\n<h4 style=\"padding-left: 20px;\">BERUFLICHE ERFAHRUNGEN<\/h4>\n<p style=\"padding-left: 20px;\">1996 \u2013 2015: Rechtsanw\u00e4ltin bei Goutier &amp; Partner Frankfurt<\/p>\n<ul class=\"styled-list icon-accent1\">\n<li class=\" icon-b theme\" data-icon=\"\ue60f\">Leitung der prozessrechtlichen Abteilung;<\/li>\n<li class=\" icon-b theme\" data-icon=\"\ue60f\">F\u00fchrung von Finanzgerichtsprozessen und komplexen schadensersatzrechtlichen, erbrechtlichen und gesellschaftsrechtlichen Rechtsstreitigkeiten;<\/li>\n<li class=\" icon-b theme\" data-icon=\"\ue60f\">Aufbau des Schwerpunktbereichs Berufstr\u00e4gerhaftung einschlie\u00dflich der deckungsrechtlichen Fragestellungen;<\/li>\n<li class=\" icon-b theme\" data-icon=\"\ue60f\">Hochspezialisierte Gro\u00dfschadenmandate;<\/li>\n<li class=\" icon-b theme\" data-icon=\"\ue60f\">Managerhaftung.<\/li>\n<\/ul><\/div><\/div><\/div><\/div>\n<div class=\"push\" style='height:50px'><\/div>\n<div class=\"row \"><div class=\"wpv-grid grid-1-1  wpv-first-level first unextended\" style=\"padding-top:0px;padding-bottom:0px\" id=\"wpv-column-ff31cb806775ba51633f96e4c85a67ab\" ><div class=\"clearfix dropcap-wrapper\"><div class=\"dropcap-left\"><span class='dropcap1 '>K<\/span><\/div><div class=\"dropcap-text\">Kanzlei f\u00fcr Verm\u00f6gensnachfolge und Stiftungen<\/div> <\/div>\n<div class=\"push\" style='height:20px'><\/div>\n<p>Seit mehren Jahren ist Dr. Britta Holdorf Rechtsanw\u00e4ltin und Notarin spezialisiert auf die Themen \u201eErben und Vererben, Schenken und Stiften\u201c.<\/p>\n<p>Ihre Mandanten betreut sie bundesweit bei allen Fragen, die zur Regelung der Verm\u00f6gensnachfolge oder nach einem Erbfall auftreten.<\/p>\n<p>Mit Leidenschaft setzt sie sich daf\u00fcr ein, dass ihre Mandanten eine ma\u00dfgeschneiderte L\u00f6sung erhalten, die sie ruhig schlafen l\u00e4sst.<\/p>\n<div class=\"push\" style='height:20px'><\/div>\n<h3>Testament und Vorsorgeregelungen:<\/h3>\n<ul>\n<li>Analyse des vorhandenen Testaments<\/li>\n<li>Anpassung des vorhandenen Testaments an ver\u00e4nderte Umst\u00e4nde<\/li>\n<li>Neugestaltung von Testamenten<\/li>\n<li>Langj\u00e4hrige Erfahrung mit Behindertentestamenten<\/li>\n<li>Vorbereitung von Erbvertrag und Ehevertrag<\/li>\n<li>Testamentsvollstreckung<\/li>\n<li>Vorsorgevollmacht und Patientenverf\u00fcgung<\/li>\n<\/ul>\n<div class=\"push\" style='height:20px'><\/div>\n<h3>Verm\u00f6gens\u00fcbertragungen, Schenkungen:<\/h3>\n<ul>\n<li>Pr\u00fcfung Ihrer bereits geschlossenen Vertr\u00e4ge<\/li>\n<li>Gestaltung von Schenkungsvertr\u00e4gen, ehebedingten Zuwendungen, vorweg genommener Erbfolge<\/li>\n<li>Sicherung der Rechte des Schenkers<\/li>\n<li>Familiengespr\u00e4che zur Konsenserzielung mit den Erben<\/li>\n<\/ul>\n<div class=\"push\" style='height:20px'><\/div>\n<h3>Beratung und Vertretung nach dem Erbfall, z.B.:<\/h3>\n<ul>\n<li>Erbauseinandersetzung<\/li>\n<li>Vertretung Ihrer Rechte z. B. gegen\u00fcber Miterben<\/li>\n<li>Nachlassabwicklung<\/li>\n<li>Testamentsvollstreckung<\/li>\n<li>Pflichtteilsanspr\u00fcche, Durchsetzung oder Abwehr<\/li>\n<\/ul>\n<div class=\"push\" style='height:20px'><\/div>\n<h3>Stifter und Stiftungen:<\/h3>\n<ul>\n<li>Beratung von Stiftern, z. B.:<\/li>\n<li>Beratung \u00fcber die f\u00fcr Sie optimale Form der Stiftung<\/li>\n<li>Beratung \u00fcber den Stiftungszweck<\/li>\n<li>Gestaltung Ihrer Stiftungssatzung und Ihres Stiftungsgesch\u00e4fts<\/li>\n<li>Gr\u00fcndung Ihrer Stiftung sowohl zu Lebzeiten als auch im Zusammenhang mit einem Testament oder Nachlass<\/li>\n<li>Regelung aller Formalit\u00e4ten im Zusammenhang mit der Gr\u00fcndung<\/li>\n<li>Beratung von Stiftungen<\/li>\n<\/ul>\n<div class=\"push\" style='height:20px'><\/div>\n<p>Ob Nachlass\u2013 und Nachfolge-Fragen per Testament oder Erbvertrag geregelt werden sollen, die Verm\u00f6gens\u00fcbertragung zu Lebzeiten (Schenkung) vorzubereiten oder eine Stiftung zu konzipieren, zu gr\u00fcnden und zu managen ist, ich berate Sie gerne \u2013 selbstverst\u00e4ndlich auch in Ihrem privaten Umfeld. Auch bei Fragen, die nach einem Erbfall auf Sie zukommen, bin ich gern f\u00fcr Sie da.<\/p>\n<p>In ganz Deutschland.<\/div><\/div>\n","protected":false},"excerpt":{"rendered":"<p>Kontaktdaten Dr. Britta Holdorf Rechtsanw\u00e4ltin und Notarin \u2013 Kanzlei f\u00fcr Verm\u00f6gensnachfolge und Stiftungen Bockenheimer Landstr. 107 60325 Frankfurt am Main 069 &#8211; 945192600 info@sicher-vererben.de SCHWERPUNKTE Notarielle T\u00e4tigkeit Anwaltliche T\u00e4tigkeit BERUFLICHE ERFAHRUNGEN 1996 \u2013 2015: Rechtsanw\u00e4ltin bei Goutier &amp; Partner Frankfurt Leitung der prozessrechtlichen Abteilung; F\u00fchrung von Finanzgerichtsprozessen und komplexen schadensersatzrechtlichen, erbrechtlichen und gesellschaftsrechtlichen Rechtsstreitigkeiten; Aufbau&#8230;<\/p>\n","protected":false},"author":1,"featured_media":0,"parent":0,"menu_order":0,"comment_status":"closed","ping_status":"closed","template":"","meta":{"footnotes":""},"class_list":["post-9473","page","type-page","status-publish","hentry"],"yoast_head":"<!-- This site is optimized with the Yoast SEO plugin v27.5 - https:\/\/yoast.com\/product\/yoast-seo-wordpress\/ -->\n<title>\u00dcber Mich - Sicher vererben<\/title>\n<meta name=\"robots\" content=\"index, follow, max-snippet:-1, max-image-preview:large, max-video-preview:-1\" \/>\n<link rel=\"canonical\" href=\"https:\/\/sicher-vererben.de\/index.php\/ueber-mich\/\" \/>\n<meta property=\"og:locale\" content=\"de_DE\" \/>\n<meta property=\"og:type\" content=\"article\" \/>\n<meta property=\"og:title\" content=\"\u00dcber Mich - Sicher vererben\" \/>\n<meta property=\"og:description\" content=\"Kontaktdaten Dr. Britta Holdorf Rechtsanw\u00e4ltin und Notarin \u2013 Kanzlei f\u00fcr Verm\u00f6gensnachfolge und Stiftungen Bockenheimer Landstr. 107 60325 Frankfurt am Main 069 &#8211; 945192600 info@sicher-vererben.de SCHWERPUNKTE Notarielle T\u00e4tigkeit Anwaltliche T\u00e4tigkeit BERUFLICHE ERFAHRUNGEN 1996 \u2013 2015: Rechtsanw\u00e4ltin bei Goutier &amp; Partner Frankfurt Leitung der prozessrechtlichen Abteilung; F\u00fchrung von Finanzgerichtsprozessen und komplexen schadensersatzrechtlichen, erbrechtlichen und gesellschaftsrechtlichen Rechtsstreitigkeiten; Aufbau...\" \/>\n<meta property=\"og:url\" content=\"https:\/\/sicher-vererben.de\/index.php\/ueber-mich\/\" \/>\n<meta property=\"og:site_name\" content=\"Sicher vererben\" \/>\n<meta property=\"article:modified_time\" content=\"2023-01-18T22:39:16+00:00\" \/>\n<meta name=\"twitter:card\" content=\"summary_large_image\" \/>\n<meta name=\"twitter:label1\" content=\"Gesch\u00e4tzte Lesezeit\" \/>\n\t<meta name=\"twitter:data1\" content=\"3\u00a0Minuten\" \/>\n<script type=\"application\/ld+json\" class=\"yoast-schema-graph\">{\"@context\":\"https:\\\/\\\/schema.org\",\"@graph\":[{\"@type\":\"WebPage\",\"@id\":\"https:\\\/\\\/sicher-vererben.de\\\/index.php\\\/ueber-mich\\\/\",\"url\":\"https:\\\/\\\/sicher-vererben.de\\\/index.php\\\/ueber-mich\\\/\",\"name\":\"\u00dcber Mich - Sicher vererben\",\"isPartOf\":{\"@id\":\"https:\\\/\\\/sicher-vererben.de\\\/#website\"},\"datePublished\":\"2014-09-28T00:23:46+00:00\",\"dateModified\":\"2023-01-18T22:39:16+00:00\",\"breadcrumb\":{\"@id\":\"https:\\\/\\\/sicher-vererben.de\\\/index.php\\\/ueber-mich\\\/#breadcrumb\"},\"inLanguage\":\"de\",\"potentialAction\":[{\"@type\":\"ReadAction\",\"target\":[\"https:\\\/\\\/sicher-vererben.de\\\/index.php\\\/ueber-mich\\\/\"]}]},{\"@type\":\"BreadcrumbList\",\"@id\":\"https:\\\/\\\/sicher-vererben.de\\\/index.php\\\/ueber-mich\\\/#breadcrumb\",\"itemListElement\":[{\"@type\":\"ListItem\",\"position\":1,\"name\":\"Startseite\",\"item\":\"https:\\\/\\\/sicher-vererben.de\\\/\"},{\"@type\":\"ListItem\",\"position\":2,\"name\":\"\u00dcber Mich\"}]},{\"@type\":\"WebSite\",\"@id\":\"https:\\\/\\\/sicher-vererben.de\\\/#website\",\"url\":\"https:\\\/\\\/sicher-vererben.de\\\/\",\"name\":\"Sicher vererben\",\"description\":\"Dr. Britta Holdorf | Rechtsanw\u00e4ltin und Notarin\",\"potentialAction\":[{\"@type\":\"SearchAction\",\"target\":{\"@type\":\"EntryPoint\",\"urlTemplate\":\"https:\\\/\\\/sicher-vererben.de\\\/?s={search_term_string}\"},\"query-input\":{\"@type\":\"PropertyValueSpecification\",\"valueRequired\":true,\"valueName\":\"search_term_string\"}}],\"inLanguage\":\"de\"}]}<\/script>\n<!-- \/ Yoast SEO plugin. -->","yoast_head_json":{"title":"\u00dcber Mich - Sicher vererben","robots":{"index":"index","follow":"follow","max-snippet":"max-snippet:-1","max-image-preview":"max-image-preview:large","max-video-preview":"max-video-preview:-1"},"canonical":"https:\/\/sicher-vererben.de\/index.php\/ueber-mich\/","og_locale":"de_DE","og_type":"article","og_title":"\u00dcber Mich - Sicher vererben","og_description":"Kontaktdaten Dr. Britta Holdorf Rechtsanw\u00e4ltin und Notarin \u2013 Kanzlei f\u00fcr Verm\u00f6gensnachfolge und Stiftungen Bockenheimer Landstr. 107 60325 Frankfurt am Main 069 &#8211; 945192600 info@sicher-vererben.de SCHWERPUNKTE Notarielle T\u00e4tigkeit Anwaltliche T\u00e4tigkeit BERUFLICHE ERFAHRUNGEN 1996 \u2013 2015: Rechtsanw\u00e4ltin bei Goutier &amp; Partner Frankfurt Leitung der prozessrechtlichen Abteilung; F\u00fchrung von Finanzgerichtsprozessen und komplexen schadensersatzrechtlichen, erbrechtlichen und gesellschaftsrechtlichen Rechtsstreitigkeiten; Aufbau...","og_url":"https:\/\/sicher-vererben.de\/index.php\/ueber-mich\/","og_site_name":"Sicher vererben","article_modified_time":"2023-01-18T22:39:16+00:00","twitter_card":"summary_large_image","twitter_misc":{"Gesch\u00e4tzte Lesezeit":"3\u00a0Minuten"},"schema":{"@context":"https:\/\/schema.org","@graph":[{"@type":"WebPage","@id":"https:\/\/sicher-vererben.de\/index.php\/ueber-mich\/","url":"https:\/\/sicher-vererben.de\/index.php\/ueber-mich\/","name":"\u00dcber Mich - Sicher vererben","isPartOf":{"@id":"https:\/\/sicher-vererben.de\/#website"},"datePublished":"2014-09-28T00:23:46+00:00","dateModified":"2023-01-18T22:39:16+00:00","breadcrumb":{"@id":"https:\/\/sicher-vererben.de\/index.php\/ueber-mich\/#breadcrumb"},"inLanguage":"de","potentialAction":[{"@type":"ReadAction","target":["https:\/\/sicher-vererben.de\/index.php\/ueber-mich\/"]}]},{"@type":"BreadcrumbList","@id":"https:\/\/sicher-vererben.de\/index.php\/ueber-mich\/#breadcrumb","itemListElement":[{"@type":"ListItem","position":1,"name":"Startseite","item":"https:\/\/sicher-vererben.de\/"},{"@type":"ListItem","position":2,"name":"\u00dcber Mich"}]},{"@type":"WebSite","@id":"https:\/\/sicher-vererben.de\/#website","url":"https:\/\/sicher-vererben.de\/","name":"Sicher vererben","description":"Dr. Britta Holdorf | Rechtsanw\u00e4ltin und Notarin","potentialAction":[{"@type":"SearchAction","target":{"@type":"EntryPoint","urlTemplate":"https:\/\/sicher-vererben.de\/?s={search_term_string}"},"query-input":{"@type":"PropertyValueSpecification","valueRequired":true,"valueName":"search_term_string"}}],"inLanguage":"de"}]}},"_links":{"self":[{"href":"https:\/\/sicher-vererben.de\/index.php\/wp-json\/wp\/v2\/pages\/9473","targetHints":{"allow":["GET"]}}],"collection":[{"href":"https:\/\/sicher-vererben.de\/index.php\/wp-json\/wp\/v2\/pages"}],"about":[{"href":"https:\/\/sicher-vererben.de\/index.php\/wp-json\/wp\/v2\/types\/page"}],"author":[{"embeddable":true,"href":"https:\/\/sicher-vererben.de\/index.php\/wp-json\/wp\/v2\/users\/1"}],"replies":[{"embeddable":true,"href":"https:\/\/sicher-vererben.de\/index.php\/wp-json\/wp\/v2\/comments?post=9473"}],"version-history":[{"count":17,"href":"https:\/\/sicher-vererben.de\/index.php\/wp-json\/wp\/v2\/pages\/9473\/revisions"}],"predecessor-version":[{"id":987888,"href":"https:\/\/sicher-vererben.de\/index.php\/wp-json\/wp\/v2\/pages\/9473\/revisions\/987888"}],"wp:attachment":[{"href":"https:\/\/sicher-vererben.de\/index.php\/wp-json\/wp\/v2\/media?parent=9473"}],"curies":[{"name":"wp","href":"https:\/\/api.w.org\/{rel}","templated":true}]}}